{"id":1247,"date":"2025-08-19T11:40:32","date_gmt":"2025-08-19T11:40:32","guid":{"rendered":"https:\/\/bobkraft.eu\/?post_type=product&#038;p=1247"},"modified":"2025-09-18T14:42:31","modified_gmt":"2025-09-18T14:42:31","slug":"bob-kraft-buckle-25-mm-4-pieces","status":"publish","type":"product","link":"https:\/\/bobkraft.eu\/en\/product\/bob-kraft-buckle-25-mm-4-pieces\/","title":{"rendered":"BOB-KRAFT \u2013 BUCKLE 25 mm \u2013 4 Pieces"},"content":{"rendered":"<h3 class=\"product-facts-title\">Info zu diesem Artikel<\/h3>\n<ul class=\"a-unordered-list a-vertical a-spacing-small\">\n<li><span class=\"a-list-item a-size-base a-color-base\">HOCHWERTIGER KUNSTSTOFF &#8211; Die Schnallen werden in Europa aus hochwertigem POM-Kunststoff hergestellt und sind recycelbar. Die Steckschnallen sind sehr stabil und langlebig, mit hoher Zugfestigkeit, was ihr eine sehr gute Tragf\u00e4higkeit verleiht.<\/span><\/li>\n<li><span class=\"a-list-item a-size-base a-color-base\">GR\u00d6SSE UND INHALT \u2013 Die Steckschnalle mit seitlicher Entriegelung ist f\u00fcr eine Riemenbreite von 25 mm geeignet. Im Lieferumfang sind 4 St\u00fcck 25-mm-Schnallen enthalten. Es ist kein Ann\u00e4hen des Riemens an die Schnalle erforderlich. Der Riemen ist von beiden Seiten der Schnalle verstellbar. Bitte sehen Sie sich die Bilder zur Gr\u00f6\u00dfenangabe an.<\/span><\/li>\n<li><span class=\"a-list-item a-size-base a-color-base\">EINFACH ZU BEDIENEN &#8211; Diese Steckschnallen sind sehr einfach zu bedienen. Der Klickverschluss sorgt f\u00fcr schnelles \u00d6ffnen und sicheres Verschlie\u00dfen auch nach l\u00e4ngerem Gebrauch.<\/span><\/li>\n<li><span class=\"a-list-item a-size-base a-color-base\">VIELSEITIG EINSETZBAR &#8211; Die Schnalle kann als Ersatzschnalle f\u00fcr Rucks\u00e4cke, Gurtband, Kleidungsverschl\u00fcsse, Gurtschnalle, Gurte, Halsb\u00e4nder, Schl\u00fcsselb\u00e4nder, Fahrradtaschen, Fahrradhelmverschl\u00fcsse, Steckschnalle, Hundehalsb\u00e4nder, Spanngurte, Reisetaschen, Rucksack Verschluss usw. verwendet werden.<\/span><\/li>\n<li><span class=\"a-list-item a-size-base a-color-base\">EINFACHE INSTALLATION DES GURTES &#8211; Bitte sehen Sie sich die Bilder an, um die Schritte zur Installation des Gurtes in der richtigen Schnallengr\u00f6\u00dfe zu erfahren. Die Schnalle ist von beiden Seiten verstellbar und N\u00e4hen ist nicht erforderlich.<\/span><\/li>\n<\/ul>","protected":false},"excerpt":{"rendered":"<p data-start=\"126\" data-end=\"295\"><strong>BOB-KRAFT<\/strong> \u2013 <strong>Steckschlie\u00dfe 25 mm \u2013 4 St\u00fcck<\/strong> \u2013 Schnallenverschluss, Kunststoff-Klickverschluss, Clipverschluss, Schnallen f\u00fcr Beckengurt, Ersatzschnalle f\u00fcr Rucksack.<\/p>\n<p data-start=\"297\" data-end=\"700\"><strong data-start=\"297\" data-end=\"331\">BOB-KRAFT Qualit\u00e4t aus der EU.<\/strong> Wenn Sie eine passende Schnalle in h\u00f6chster Qualit\u00e4t suchen, finden Sie bei uns eine gro\u00dfe Auswahl.<br data-start=\"431\" data-end=\"434\" \/>Vielf\u00e4ltige Einsatzm\u00f6glichkeiten f\u00fcr unsere hochwertigen Schnallen an Rucks\u00e4cken, Packs\u00e4cken, Zelten, Hundehalsb\u00e4ndern, Rettungswesten, Taschen, Spanngurten, Gep\u00e4ckgurten usw.<br data-start=\"609\" data-end=\"612\" \/>Kunststoff-Gurtbandschnallen \u2013 extrem langlebig und leicht zu \u00f6ffnen und zu schlie\u00dfen.<\/p>","protected":false},"featured_media":1289,"template":"","meta":{"_kadence_starter_templates_imported_post":false,"_kad_post_transparent":"default","_kad_post_title":"","_kad_post_layout":"default","_kad_post_sidebar_id":"","_kad_post_content_style":"default","_kad_post_vertical_padding":"default","_kad_post_feature":"","_kad_post_feature_position":"","_kad_post_header":false,"_kad_post_footer":false},"product_brand":[],"product_cat":[44],"product_tag":[],"class_list":{"0":"post-1247","1":"product","2":"type-product","3":"status-publish","4":"has-post-thumbnail","6":"product_cat-buckles","8":"first","9":"instock","10":"sale","11":"shipping-taxable","12":"product-type-external","13":"entry","14":"content-bg","15":"loop-entry"},"_links":{"self":[{"href":"https:\/\/bobkraft.eu\/en\/wp-json\/wp\/v2\/product\/1247","targetHints":{"allow":["GET"]}}],"collection":[{"href":"https:\/\/bobkraft.eu\/en\/wp-json\/wp\/v2\/product"}],"about":[{"href":"https:\/\/bobkraft.eu\/en\/wp-json\/wp\/v2\/types\/product"}],"wp:featuredmedia":[{"embeddable":true,"href":"https:\/\/bobkraft.eu\/en\/wp-json\/wp\/v2\/media\/1289"}],"wp:attachment":[{"href":"https:\/\/bobkraft.eu\/en\/wp-json\/wp\/v2\/media?parent=1247"}],"wp:term":[{"taxonomy":"product_brand","embeddable":true,"href":"https:\/\/bobkraft.eu\/en\/wp-json\/wp\/v2\/product_brand?post=1247"},{"taxonomy":"product_cat","embeddable":true,"href":"https:\/\/bobkraft.eu\/en\/wp-json\/wp\/v2\/product_cat?post=1247"},{"taxonomy":"product_tag","embeddable":true,"href":"https:\/\/bobkraft.eu\/en\/wp-json\/wp\/v2\/product_tag?post=1247"}],"curies":[{"name":"wp","href":"https:\/\/api.w.org\/{rel}","templated":true}]}}